{"id":140,"date":"2024-01-19T16:46:52","date_gmt":"2024-01-19T16:46:52","guid":{"rendered":"https:\/\/iecb.mindubadigital.com.br\/?page_id=140"},"modified":"2024-01-19T16:46:52","modified_gmt":"2024-01-19T16:46:52","slug":"o-instituto","status":"publish","type":"page","link":"https:\/\/institutocorpobueno.com.br\/site\/o-instituto\/","title":{"rendered":"O Instituto"},"content":{"rendered":"<p>[et_pb_section fb_built=&quot;1&quot; _builder_version=&quot;4.24.0&quot; _module_preset=&quot;default&quot; use_background_color_gradient=&quot;on&quot; background_color_gradient_direction=&quot;205deg&quot; background_color_gradient_stops=&quot;#701334 35%|#b54c75 100%&quot; background_image=&quot;https:\/\/institutocorpobueno.com.br\/site\/wp-content\/uploads\/2024\/01\/lines-2-scaled.webp&quot; background_position=&quot;bottom_center&quot; background_blend=&quot;soft-light&quot; custom_padding=&quot;||0px||false|false&quot; background_last_edited=&quot;on|phone&quot; use_background_color_gradient_phone=&quot;on&quot; background_color_gradient_direction_phone=&quot;225deg&quot; background_color_gradient_stops_phone=&quot;#b54c75 0%|#701334 77%&quot; background_enable_mask_style_phone=&quot;on&quot; background_mask_style_phone=&quot;diagonal-pills&quot; background_mask_transform_phone=&quot;flip_horizontal|rotate_90_degree|invert&quot; background_mask_size_phone=&quot;custom&quot; background_mask_height_phone=&quot;74%&quot; background_mask_position_phone=&quot;top_center&quot; global_colors_info=&quot;{}&quot;][et_pb_row _builder_version=&quot;4.24.0&quot; _module_preset=&quot;default&quot; global_colors_info=&quot;{}&quot;][et_pb_column type=&quot;4_4&quot; _builder_version=&quot;4.24.0&quot; _module_preset=&quot;default&quot; global_colors_info=&quot;{}&quot;][et_pb_text _builder_version=&quot;4.24.0&quot; _module_preset=&quot;default&quot; text_font=&quot;Quicksand||||||||&quot; text_font_size=&quot;18px&quot; link_font=&quot;Quicksand|700|||on||||&quot; link_text_color=&quot;#701334&quot; link_font_size=&quot;18px&quot; header_font=&quot;Quicksand|600|||||||&quot; header_text_align=&quot;center&quot; header_text_color=&quot;#F2F2F2&quot; header_2_font=&quot;Anton|700||on|||||&quot; header_2_text_align=&quot;center&quot; header_2_text_color=&quot;#701334&quot; header_2_font_size=&quot;32px&quot; header_2_letter_spacing=&quot;2px&quot; locked=&quot;off&quot; global_colors_info=&quot;{}&quot;]<\/p>\n<h1>Sobre o Instituto<\/h1>\n<p>[\/et_pb_text][et_pb_text _builder_version=&#8221;4.24.0&#8243; _module_preset=&#8221;default&#8221; text_font=&#8221;Quicksand||||||||&#8221; text_font_size=&#8221;18px&#8221; link_font=&#8221;Quicksand|700|||on||||&#8221; link_text_color=&#8221;#701334&#8243; link_font_size=&#8221;18px&#8221; header_2_font=&#8221;Anton|700|||||||&#8221; header_2_text_align=&#8221;center&#8221; header_2_text_color=&#8221;#FFFFFF&#8221; header_2_font_size=&#8221;32px&#8221; header_2_letter_spacing=&#8221;2px&#8221; locked=&#8221;off&#8221; global_colors_info=&#8221;{}&#8221;]<\/p>\n<h2>Excel\u00eancia Acad\u00eamica, Inova\u00e7\u00e3o e avan\u00e7o cont\u00ednuo do setor.<\/h2>\n<p>[\/et_pb_text][et_pb_text _builder_version=&#8221;4.24.0&#8243; _module_preset=&#8221;default&#8221; text_font=&#8221;Quicksand||||||||&#8221; text_text_color=&#8221;#F2F2F2&#8243; text_font_size=&#8221;18px&#8221; text_orientation=&#8221;center&#8221; global_colors_info=&#8221;{}&#8221;]<\/p>\n<p>Bem-vindo ao Instituto Corpo Bueno, onde transformamos paix\u00e3o em profiss\u00e3o.<\/p>\n<p>[\/et_pb_text][et_pb_icon font_icon=&#8221;&#x33;||divi||400&#8243; icon_color=&#8221;#701334&#8243; icon_width=&#8221;44px&#8221; _builder_version=&#8221;4.23.4&#8243; _module_preset=&#8221;default&#8221; locked=&#8221;off&#8221; global_colors_info=&#8221;{}&#8221;][\/et_pb_icon][\/et_pb_column][\/et_pb_row][\/et_pb_section][et_pb_section fb_built=&#8221;1&#8243; _builder_version=&#8221;4.24.0&#8243; _module_preset=&#8221;default&#8221; custom_padding=&#8221;||0px||false|false&#8221; background_last_edited=&#8221;off|desktop&#8221; use_background_color_gradient_phone=&#8221;on&#8221; background_color_gradient_direction_phone=&#8221;225deg&#8221; background_color_gradient_stops_phone=&#8221;#000000 35%|#701334 100%&#8221; background_enable_mask_style_phone=&#8221;on&#8221; background_mask_style_phone=&#8221;diagonal-pills&#8221; background_mask_transform_phone=&#8221;flip_horizontal|rotate_90_degree|invert&#8221; background_mask_size_phone=&#8221;custom&#8221; background_mask_height_phone=&#8221;40%&#8221; background_mask_position_phone=&#8221;top_center&#8221; global_colors_info=&#8221;{}&#8221;][et_pb_row _builder_version=&#8221;4.24.0&#8243; _module_preset=&#8221;default&#8221; custom_padding=&#8221;51px|||||&#8221; locked=&#8221;off&#8221; global_colors_info=&#8221;{}&#8221;][et_pb_column type=&#8221;4_4&#8243; _builder_version=&#8221;4.24.0&#8243; _module_preset=&#8221;default&#8221; global_colors_info=&#8221;{}&#8221;][et_pb_text _builder_version=&#8221;4.24.0&#8243; _module_preset=&#8221;default&#8221; text_font=&#8221;Quicksand||||||||&#8221; text_font_size=&#8221;18px&#8221; link_font=&#8221;Quicksand|700|||on||||&#8221; link_text_color=&#8221;#701334&#8243; link_font_size=&#8221;18px&#8221; header_2_font=&#8221;Anton|700|||||||&#8221; header_2_text_align=&#8221;center&#8221; header_2_text_color=&#8221;#474747&#8243; header_2_font_size=&#8221;32px&#8221; header_2_letter_spacing=&#8221;2px&#8221; custom_margin=&#8221;||13px|||&#8221; locked=&#8221;off&#8221; global_colors_info=&#8221;{}&#8221;]<\/p>\n<h2>Nossa Miss\u00e3o, Vis\u00e3o e Valores.<\/h2>\n<p>[\/et_pb_text][et_pb_icon font_icon=&#8221;&#x33;||divi||400&#8243; icon_color=&#8221;#701334&#8243; icon_width=&#8221;44px&#8221; _builder_version=&#8221;4.23.4&#8243; _module_preset=&#8221;default&#8221; locked=&#8221;off&#8221; global_colors_info=&#8221;{}&#8221;][\/et_pb_icon][\/et_pb_column][\/et_pb_row][\/et_pb_section][et_pb_section fb_built=&#8221;1&#8243; module_class=&#8221;dc-carousel&#8221; _builder_version=&#8221;4.24.0&#8243; _module_preset=&#8221;default&#8221; global_colors_info=&#8221;{}&#8221;][et_pb_row column_structure=&#8221;1_3,1_3,1_3&#8243; make_equal=&#8221;on&#8221; _builder_version=&#8221;4.24.0&#8243; _module_preset=&#8221;default&#8221; max_width=&#8221;100%&#8221; global_colors_info=&#8221;{}&#8221;][et_pb_column type=&#8221;1_3&#8243; _builder_version=&#8221;4.24.0&#8243; _module_preset=&#8221;default&#8221; global_colors_info=&#8221;{}&#8221;][et_pb_blurb title=&#8221;Miss\u00e3o&#8221; use_icon=&#8221;on&#8221; font_icon=&#8221;&#xf140;||fa||900&#8243; icon_color=&#8221;#701334&#8243; image_icon_background_color=&#8221;#FFFFFF&#8221; image_icon_width=&#8221;53px&#8221; _builder_version=&#8221;4.24.0&#8243; _module_preset=&#8221;default&#8221; header_font=&#8221;Anton|700|||||||&#8221; header_text_align=&#8221;center&#8221; header_text_color=&#8221;#FFFFFF&#8221; header_font_size=&#8221;22px&#8221; header_letter_spacing=&#8221;2px&#8221; body_font=&#8221;Quicksand||||||||&#8221; body_text_align=&#8221;center&#8221; body_text_color=&#8221;#FFFFFF&#8221; body_font_size=&#8221;18px&#8221; background_color=&#8221;#701334&#8243; image_icon_custom_padding=&#8221;12px|10px|12px|10px|true|true&#8221; custom_margin=&#8221;||29px|||&#8221; custom_padding=&#8221;15px|15px|15px|15px|true|true&#8221; border_radii=&#8221;on|15px|15px|15px|15px&#8221; border_radii_image=&#8221;on|100%|100%|100%|100%&#8221; locked=&#8221;off&#8221; global_colors_info=&#8221;{}&#8221;]<\/p>\n<p>Your content goes here. Edit or remove this text inline or in the module Content settings. You can also style every aspect of this content in the module Design settings and even apply custom CSS to this text in the module Advanced settings.<\/p>\n<p>[\/et_pb_blurb][\/et_pb_column][et_pb_column type=&#8221;1_3&#8243; _builder_version=&#8221;4.24.0&#8243; _module_preset=&#8221;default&#8221; global_colors_info=&#8221;{}&#8221;][et_pb_blurb title=&#8221;Vis\u00e3o&#8221; use_icon=&#8221;on&#8221; font_icon=&#8221;&#xf06e;||fa||900&#8243; icon_color=&#8221;#701334&#8243; image_icon_background_color=&#8221;#FFFFFF&#8221; image_icon_width=&#8221;53px&#8221; _builder_version=&#8221;4.24.0&#8243; _module_preset=&#8221;default&#8221; header_font=&#8221;Anton|700|||||||&#8221; header_text_align=&#8221;center&#8221; header_text_color=&#8221;#FFFFFF&#8221; header_font_size=&#8221;22px&#8221; header_letter_spacing=&#8221;2px&#8221; body_font=&#8221;Quicksand||||||||&#8221; body_text_align=&#8221;center&#8221; body_text_color=&#8221;#FFFFFF&#8221; body_font_size=&#8221;18px&#8221; background_color=&#8221;#701334&#8243; image_icon_custom_padding=&#8221;12px|10px|12px|10px|true|true&#8221; custom_margin=&#8221;||29px|||&#8221; custom_padding=&#8221;15px|15px|15px|15px|true|true&#8221; border_radii=&#8221;on|15px|15px|15px|15px&#8221; border_radii_image=&#8221;on|100%|100%|100%|100%&#8221; locked=&#8221;off&#8221; global_colors_info=&#8221;{}&#8221;]<\/p>\n<p>Your content goes here. Edit or remove this text inline or in the module Content settings. You can also style every aspect of this content in the module Design settings and even apply custom CSS to this text in the module Advanced settings.<\/p>\n<p>[\/et_pb_blurb][\/et_pb_column][et_pb_column type=&#8221;1_3&#8243; _builder_version=&#8221;4.24.0&#8243; _module_preset=&#8221;default&#8221; global_colors_info=&#8221;{}&#8221;][et_pb_blurb title=&#8221;Valores&#8221; use_icon=&#8221;on&#8221; font_icon=&#8221;&#xf4be;||fa||900&#8243; icon_color=&#8221;#701334&#8243; image_icon_background_color=&#8221;#FFFFFF&#8221; image_icon_width=&#8221;53px&#8221; _builder_version=&#8221;4.24.0&#8243; _module_preset=&#8221;default&#8221; header_font=&#8221;Anton|700|||||||&#8221; header_text_align=&#8221;center&#8221; header_text_color=&#8221;#FFFFFF&#8221; header_font_size=&#8221;22px&#8221; header_letter_spacing=&#8221;2px&#8221; body_font=&#8221;Quicksand||||||||&#8221; body_text_align=&#8221;center&#8221; body_text_color=&#8221;#FFFFFF&#8221; body_font_size=&#8221;18px&#8221; background_color=&#8221;#701334&#8243; image_icon_custom_padding=&#8221;12px|10px|12px|10px|true|true&#8221; custom_margin=&#8221;||29px|||&#8221; custom_padding=&#8221;15px|15px|15px|15px|true|true&#8221; border_radii=&#8221;on|15px|15px|15px|15px&#8221; border_radii_image=&#8221;on|100%|100%|100%|100%&#8221; locked=&#8221;off&#8221; global_colors_info=&#8221;{}&#8221;]<\/p>\n<p>Your content goes here. Edit or remove this text inline or in the module Content settings. You can also style every aspect of this content in the module Design settings and even apply custom CSS to this text in the module Advanced settings.<\/p>\n<p>[\/et_pb_blurb][\/et_pb_column][\/et_pb_row][\/et_pb_section][et_pb_section fb_built=&#8221;1&#8243; prev_background_color=&#8221;#ffffff&#8221; _builder_version=&#8221;4.24.0&#8243; _module_preset=&#8221;default&#8221; background_color=&#8221;#F2F2F2&#8243; custom_padding=&#8221;154px||154px||true|&#8221; top_divider_style=&#8221;asymmetric2&#8243; locked=&#8221;off&#8221; global_colors_info=&#8221;{}&#8221;][et_pb_row _builder_version=&#8221;4.23.4&#8243; _module_preset=&#8221;default&#8221; global_colors_info=&#8221;{}&#8221;][et_pb_column type=&#8221;4_4&#8243; _builder_version=&#8221;4.23.4&#8243; _module_preset=&#8221;default&#8221; global_colors_info=&#8221;{}&#8221;][et_pb_text _builder_version=&#8221;4.24.0&#8243; _module_preset=&#8221;default&#8221; text_font=&#8221;Quicksand||||||||&#8221; text_font_size=&#8221;18px&#8221; link_font=&#8221;Quicksand|700|||on||||&#8221; link_text_color=&#8221;#701334&#8243; link_font_size=&#8221;18px&#8221; header_2_font=&#8221;Anton|700||on|||||&#8221; header_2_text_align=&#8221;center&#8221; header_2_text_color=&#8221;#474747&#8243; header_2_font_size=&#8221;32px&#8221; header_2_letter_spacing=&#8221;2px&#8221; locked=&#8221;off&#8221; global_colors_info=&#8221;{}&#8221;]<\/p>\n<h2>Conhe\u00e7a Nossos Professores<\/h2>\n<p>[\/et_pb_text][et_pb_text _builder_version=&#8221;4.24.0&#8243; _module_preset=&#8221;default&#8221; text_font=&#8221;Quicksand||||||||&#8221; text_text_color=&#8221;#000000&#8243; text_font_size=&#8221;18px&#8221; text_orientation=&#8221;center&#8221; locked=&#8221;off&#8221; global_colors_info=&#8221;{}&#8221;]<\/p>\n<p class=\"p1\">Conhe\u00e7a a equipe docente altamente qualificada e dedicada do Instituto de Esnsino Corpo Bueno. Nossos professores s\u00e3o profissionais atuantes no mercado de trabalho, comprometidos em proporcionar uma experi\u00eancia educacional enriquecedora.<\/p>\n<p>[\/et_pb_text][\/et_pb_column][\/et_pb_row][et_pb_row use_custom_gutter=&quot;on&quot; gutter_width=&quot;2&quot; make_equal=&quot;on&quot; _builder_version=&quot;4.24.0&quot; _module_preset=&quot;default&quot; width=&quot;90%&quot; max_width=&quot;100%&quot; global_colors_info=&quot;{}&quot;][et_pb_column type=&quot;4_4&quot; _builder_version=&quot;4.23.4&quot; _module_preset=&quot;default&quot; background_enable_color=&quot;off&quot; use_background_color_gradient=&quot;on&quot; background_color_gradient_stops=&quot;#701334 92%|#ffffff 92%&quot; border_radii=&quot;on|15px|15px|15px|15px&quot; box_shadow_style=&quot;preset2&quot; global_colors_info=&quot;{}&quot;][dsm_card_carousel lazyload=&quot;on&quot; centered_slides=&quot;on&quot; space_between=&quot;20&quot; equal_height=&quot;on&quot; arrow_color=&quot;#F2F2F2&quot; dots_active_color=&quot;#FFFFFF&quot; badge_background_color=&quot;#F2F2F2&quot; image_width=&quot;40%&quot; stretch_image=&quot;off&quot; image_alignment=&quot;center&quot; _builder_version=&quot;4.24.2&quot; _module_preset=&quot;default&quot; border_radii_image=&quot;on|10px|10px|10px|10px&quot; box_shadow_style_image=&quot;preset2&quot; locked=&quot;off&quot; global_colors_info=&quot;{}&quot;][dsm_card_carousel_child title=&quot;Taisa Brand\u00e3o&quot; image=&quot;https:\/\/institutocorpobueno.com.br\/site\/wp-content\/uploads\/2024\/02\/Taisa-Brandao.webp&quot; image_as_background=&quot;off&quot; image_alignment=&quot;center&quot; button_url_new_window=&quot;1&quot; _builder_version=&quot;4.24.1&quot; _module_preset=&quot;default&quot; header_font=&quot;Anton||||||||&quot; header_text_align=&quot;center&quot; header_text_color=&quot;#FFFFFF&quot; header_font_size=&quot;20px&quot; body_font=&quot;Quicksand||||||||&quot; body_text_align=&quot;center&quot; body_text_color=&quot;#F2F2F2&quot; body_font_size=&quot;16px&quot; background_color=&quot;#701334&quot; background_enable_color=&quot;on&quot; custom_padding=&quot;10px||10px||true|false&quot; border_radii=&quot;on|15px|15px|15px|15px&quot; box_shadow_style=&quot;preset2&quot; global_colors_info=&quot;{}&quot; parent_button=&quot;off&quot; parent_header_level=&quot;h4&quot; parent_stretch_image=&quot;off&quot;]<\/p>\n<p>Com forma\u00e7\u00e3o em Ci\u00eancias Biol\u00f3gicas pela Universidade UNIGOIAS e especializa\u00e7\u00e3o em Sa\u00fade Est\u00e9tica pelo NEPUGA, ela possui s\u00f3lida base acad\u00eamica e experi\u00eancia pr\u00e1tica em procedimentos est\u00e9ticos, com destaque em ozonioterapia, toxina botul\u00ednica, preenchimento facial, intradermoterapia, microagulhamento e peelings qu\u00edmicos. Al\u00e9m de sua atua\u00e7\u00e3o cl\u00ednica, tem significativa experi\u00eancia na doc\u00eancia de p\u00f3s-gradua\u00e7\u00e3o em sa\u00fade est\u00e9tica, compartilhando conhecimento te\u00f3rico e pr\u00e1tico. Essa combina\u00e7\u00e3o \u00fanica a torna uma profissional altamente capacitada comprometida em fornecer tratamentos est\u00e9ticos de qualidade e capacitar a pr\u00f3xima gera\u00e7\u00e3o de profissionais de sa\u00fade est\u00e9tica.<\/p>\n<p>[\/dsm_card_carousel_child][dsm_card_carousel_child title=&quot;Vit\u00f3ria Silva&quot; image=&quot;https:\/\/institutocorpobueno.com.br\/site\/wp-content\/uploads\/2024\/02\/Vitoria-Silva.webp&quot; image_as_background=&quot;off&quot; image_alignment=&quot;center&quot; button_url_new_window=&quot;1&quot; _builder_version=&quot;4.24.1&quot; _module_preset=&quot;default&quot; header_font=&quot;Anton||||||||&quot; header_text_align=&quot;center&quot; header_text_color=&quot;#FFFFFF&quot; header_font_size=&quot;20px&quot; body_font=&quot;Quicksand||||||||&quot; body_text_align=&quot;center&quot; body_text_color=&quot;#F2F2F2&quot; body_font_size=&quot;16px&quot; background_color=&quot;#701334&quot; background_enable_color=&quot;on&quot; custom_padding=&quot;10px||10px||true|false&quot; border_radii=&quot;on|15px|15px|15px|15px&quot; box_shadow_style=&quot;preset2&quot; global_colors_info=&quot;{}&quot; parent_button=&quot;off&quot; parent_header_level=&quot;h4&quot; parent_stretch_image=&quot;off&quot;]<\/p>\n<ul>\n<li><span style=\"font-weight: 400;\">Esteticista e Cosmet\u00f3loga<\/span><\/li>\n<li><span style=\"font-weight: 400;\">P\u00f3s graduada em procedimentos Intrad\u00e9rmicos e Subcut\u00e2neos\u00a0<\/span><\/li>\n<\/ul>\n<p><span style=\"font-weight: 400;\">Experiente a mais de 06 anos em atendimento est\u00e9tico auxiliado por aparelhos de alta tecnologia. Viv\u00eancia com aparelhos tradicionais &#8211; U.S e RF e equipamentos modernos utilizados em depila\u00e7\u00e3o a laser, microfocado e micro-ondas.<\/span><\/p>\n<p><span style=\"font-weight: 400;\">Certifica\u00e7\u00e3o em diversas t\u00e9cnicas complementares da massoterapia est\u00e9tica.<\/span><\/p>\n<p><span style=\"font-weight: 400;\">Docente em cursos livres ministrados presencialmente em Goi\u00e2nia.<\/span><\/p>\n<p>[\/dsm_card_carousel_child][dsm_card_carousel_child title=&quot;Paloma Ribeiro &quot; image=&quot;https:\/\/institutocorpobueno.com.br\/site\/wp-content\/uploads\/2024\/03\/Paloma.webp&quot; image_as_background=&quot;off&quot; image_alignment=&quot;center&quot; button_url_new_window=&quot;1&quot; _builder_version=&quot;4.24.2&quot; _module_preset=&quot;default&quot; header_font=&quot;Anton||||||||&quot; header_text_align=&quot;center&quot; header_text_color=&quot;#FFFFFF&quot; header_font_size=&quot;20px&quot; body_font=&quot;Quicksand||||||||&quot; body_text_align=&quot;center&quot; body_text_color=&quot;#F2F2F2&quot; body_font_size=&quot;16px&quot; background_color=&quot;#701334&quot; background_enable_color=&quot;on&quot; custom_padding=&quot;10px||10px||true|false&quot; border_radii=&quot;on|15px|15px|15px|15px&quot; box_shadow_style=&quot;preset2&quot; global_colors_info=&quot;{}&quot; parent_button=&quot;off&quot; parent_header_level=&quot;h4&quot; parent_stretch_image=&quot;off&quot;]<\/p>\n<ul>\n<li><span style=\"font-weight: 400;\">Graduada em Est\u00e9tica e Cosmetologia <\/span><\/li>\n<li>Especialista em Cosmetologia Cl\u00ednica<\/li>\n<li>Pos graduada em procedimentos Intrad\u00e9rmicos e Subcut\u00e2neos<\/li>\n<\/ul>\n<p><span style=\"font-weight: 400;\">Experi\u00eancia em est\u00e9tica avan\u00e7ada e Integrativa com mais de 10 anos de atua\u00e7\u00e3o profissional, Gest\u00e3o educacional e docente de cursos livres na est\u00e9tica com mais de 10 Mil alunos formados.\u00a0<\/span><\/p>\n<p><span style=\"font-weight: 400;\">Realiza\u00e7\u00e3o de treinamentos cl\u00ednicos em Goi\u00e2nia e S\u00e3o Paulo e Par\u00e1.\u00a0<\/span><\/p>\n<p><span style=\"font-weight: 400;\">Ganhadora do Diploma de Honra ao M\u00e9rito pela C\u00e2mara Legislativa de Goi\u00e1s como profissional destaque 2022 no segmento da est\u00e9tica e beleza no estado de Goi\u00e1s.<\/span><\/p>\n<p>[\/dsm_card_carousel_child][dsm_card_carousel_child title=&quot;Analia Alves &quot; image=&quot;https:\/\/institutocorpobueno.com.br\/site\/wp-content\/uploads\/2024\/03\/Analia.webp&quot; image_as_background=&quot;off&quot; image_alignment=&quot;center&quot; button_url_new_window=&quot;1&quot; _builder_version=&quot;4.24.2&quot; _module_preset=&quot;default&quot; header_font=&quot;Anton||||||||&quot; header_text_align=&quot;center&quot; header_text_color=&quot;#FFFFFF&quot; header_font_size=&quot;20px&quot; body_font=&quot;Quicksand||||||||&quot; body_text_align=&quot;center&quot; body_text_color=&quot;#F2F2F2&quot; body_font_size=&quot;16px&quot; background_color=&quot;#701334&quot; background_enable_color=&quot;on&quot; custom_padding=&quot;10px||10px||true|false&quot; border_radii=&quot;on|15px|15px|15px|15px&quot; box_shadow_style=&quot;preset2&quot; global_colors_info=&quot;{}&quot; parent_button=&quot;off&quot; parent_header_level=&quot;h4&quot; parent_stretch_image=&quot;off&quot;]<\/p>\n<ul>\n<li><span style=\"font-weight: 400;\">Graduada em Enfermagem<\/span><\/li>\n<li>P\u00f3s graduada em Doc\u00eancia Universit\u00e1ria<\/li>\n<li>Master em Micropigmenta\u00e7\u00e3o de Sobrancelhas<\/li>\n<\/ul>\n<p><span style=\"font-weight: 400;\">Experi\u00eancia de 10hs anos na est\u00e9tica, sendo que 8 anos atuando na \u00e1rea da Micropigmenta\u00e7\u00e3o em Sobrancelhas e L\u00e1bios , 7 anos ministrando cursos livres em Goi\u00e2nia e interior de Goi\u00e1s.<\/span><\/p>\n<p>[\/dsm_card_carousel_child][\/dsm_card_carousel][et_pb_image src=&quot;https:\/\/institutocorpobueno.com.br\/site\/wp-content\/uploads\/2024\/01\/logo-mini.png&quot; title_text=&quot;logo mini&quot; align=&quot;center&quot; _builder_version=&quot;4.23.4&quot; _module_preset=&quot;default&quot; custom_padding=&quot;||5px||false|false&quot; global_colors_info=&quot;{}&quot;][\/et_pb_image][\/et_pb_column][\/et_pb_row][\/et_pb_section][et_pb_section fb_built=&quot;1&quot; _builder_version=&quot;4.24.0&quot; _module_preset=&quot;default&quot; background_color=&quot;rgba(0,0,0,0.6)&quot; background_image=&quot;https:\/\/institutocorpobueno.com.br\/site\/wp-content\/uploads\/2024\/01\/Procedimento-estetica-1.webp&quot; background_position=&quot;bottom_center&quot; background_vertical_offset=&quot;19%&quot; background_blend=&quot;overlay&quot; custom_padding=&quot;100px||100px||true|&quot; locked=&quot;off&quot; global_colors_info=&quot;{}&quot;][et_pb_row _builder_version=&quot;4.23.4&quot; _module_preset=&quot;default&quot; global_colors_info=&quot;{}&quot;][et_pb_column type=&quot;4_4&quot; _builder_version=&quot;4.23.4&quot; _module_preset=&quot;default&quot; global_colors_info=&quot;{}&quot;][et_pb_cta title=&quot;Perguntas, sugest\u00f5es ou obter mais informa\u00e7\u00f5es sobre nossos cursos e servi\u00e7os?&quot; button_url=&quot;#&quot; button_text=&quot;Entre em Contato&quot; _builder_version=&quot;4.24.0&quot; _module_preset=&quot;default&quot; header_font=&quot;Anton|700|||||||&quot; header_text_color=&quot;#FFFFFF&quot; header_font_size=&quot;32px&quot; header_letter_spacing=&quot;2px&quot; body_font=&quot;Quicksand|700|||||||&quot; body_font_size=&quot;18px&quot; body_line_height=&quot;1.4em&quot; background_enable_color=&quot;off&quot; custom_button=&quot;on&quot; button_text_color=&quot;#FFFFFF&quot; button_bg_color=&quot;#FED501&quot; button_border_radius=&quot;10px&quot; button_font=&quot;Montserrat|600|||||||&quot; button_icon=&quot;\uf232||fa||400&quot; button_icon_placement=&quot;left&quot; button_on_hover=&quot;off&quot; button_text_shadow_style=&quot;preset2&quot; box_shadow_style_button=&quot;preset2&quot; global_colors_info=&quot;{}&quot; button_bg_color__hover_enabled=&quot;on|hover&quot; button_bg_color__hover=&quot;#01C608&quot; button_bg_enable_color__hover=&quot;on&quot;][\/et_pb_cta][\/et_pb_column][\/et_pb_row][\/et_pb_section]<\/p>\n","protected":false},"excerpt":{"rendered":"<p>[et_pb_section fb_built=&quot;1&quot; _builder_version=&quot;4.24.0&quot; _module_preset=&quot;default&quot; use_background_color_gradient=&quot;on&quot; background_color_gradient_direction=&quot;205deg&quot; background_color_gradient_stops=&quot;#701334 35%|#b54c75 100%&quot; background_image=&quot;https:\/\/institutocorpobueno.com.br\/site\/wp-content\/uploads\/2024\/01\/lines-2-scaled.webp&quot; background_position=&quot;bottom_center&quot; background_blend=&quot;soft-light&quot; custom_padding=&quot;||0px||false|false&quot; background_last_edited=&quot;on|phone&quot; use_background_color_gradient_phone=&quot;on&quot; background_color_gradient_direction_phone=&quot;225deg&quot; background_color_gradient_stops_phone=&quot;#b54c75 0%|#701334 77%&quot; background_enable_mask_style_phone=&quot;on&quot; background_mask_style_phone=&quot;diagonal-pills&quot; background_mask_transform_phone=&quot;flip_horizontal|rotate_90_degree|invert&quot; background_mask_size_phone=&quot;custom&quot; background_mask_height_phone=&quot;74%&quot; background_mask_position_phone=&quot;top_center&quot; global_colors_info=&quot;{}&quot;][et_pb_row _builder_version=&quot;4.24.0&quot; _module_preset=&quot;default&quot; global_colors_info=&quot;{}&quot;][et_pb_column type=&quot;4_4&quot; _builder_version=&quot;4.24.0&quot; _module_preset=&quot;default&quot; global_colors_info=&quot;{}&quot;][et_pb_text _builder_version=&quot;4.24.0&quot; _module_preset=&quot;default&quot; text_font=&quot;Quicksand||||||||&quot; text_font_size=&quot;18px&quot; link_font=&quot;Quicksand|700|||on||||&quot; link_text_color=&quot;#701334&quot; link_font_size=&quot;18px&quot; header_font=&quot;Quicksand|600|||||||&quot; header_text_align=&quot;center&quot; header_text_color=&quot;#F2F2F2&quot; header_2_font=&quot;Anton|700||on|||||&quot; header_2_text_align=&quot;center&quot; header_2_text_color=&quot;#701334&quot; header_2_font_size=&quot;32px&quot; header_2_letter_spacing=&quot;2px&quot; locked=&quot;off&quot; global_colors_info=&quot;{}&quot;] Sobre o Instituto [\/et_pb_text][et_pb_text _builder_version=&#8221;4.24.0&#8243; [&hellip;]<\/p>\n","protected":false},"author":1,"featured_media":0,"parent":0,"menu_order":0,"comment_status":"closed","ping_status":"closed","template":"","meta":{"footnotes":""},"class_list":["post-140","page","type-page","status-publish","hentry"],"_links":{"self":[{"href":"https:\/\/institutocorpobueno.com.br\/site\/wp-json\/wp\/v2\/pages\/140","targetHints":{"allow":["GET"]}}],"collection":[{"href":"https:\/\/institutocorpobueno.com.br\/site\/wp-json\/wp\/v2\/pages"}],"about":[{"href":"https:\/\/institutocorpobueno.com.br\/site\/wp-json\/wp\/v2\/types\/page"}],"author":[{"embeddable":true,"href":"https:\/\/institutocorpobueno.com.br\/site\/wp-json\/wp\/v2\/users\/1"}],"replies":[{"embeddable":true,"href":"https:\/\/institutocorpobueno.com.br\/site\/wp-json\/wp\/v2\/comments?post=140"}],"version-history":[{"count":0,"href":"https:\/\/institutocorpobueno.com.br\/site\/wp-json\/wp\/v2\/pages\/140\/revisions"}],"wp:attachment":[{"href":"https:\/\/institutocorpobueno.com.br\/site\/wp-json\/wp\/v2\/media?parent=140"}],"curies":[{"name":"wp","href":"https:\/\/api.w.org\/{rel}","templated":true}]}}