{"id":135,"date":"2024-01-19T14:38:27","date_gmt":"2024-01-19T14:38:27","guid":{"rendered":"https:\/\/iecb.mindubadigital.com.br\/?page_id=135"},"modified":"2024-01-19T14:38:27","modified_gmt":"2024-01-19T14:38:27","slug":"contato-iecb","status":"publish","type":"page","link":"https:\/\/institutocorpobueno.com.br\/site\/contato-iecb\/","title":{"rendered":"Contato IECB"},"content":{"rendered":"<p>[et_pb_section fb_built=&quot;1&quot; _builder_version=&quot;4.25.1&quot; _module_preset=&quot;default&quot; use_background_color_gradient=&quot;on&quot; background_color_gradient_type=&quot;elliptical&quot; background_color_gradient_stops=&quot;rgba(217,191,200,0.35) 9%|#ffffff 75%&quot; background_image=&quot;https:\/\/institutocorpobueno.com.br\/site\/wp-content\/uploads\/2024\/01\/lines-2-scaled.webp&quot; background_size=&quot;stretch&quot; background_blend=&quot;soft-light&quot; background_enable_mask_style=&quot;on&quot; background_mask_style=&quot;diagonal-pills&quot; background_mask_color=&quot;#701334&quot; background_mask_transform=&quot;invert|flip_horizontal&quot; background_mask_size=&quot;contain&quot; background_mask_position=&quot;center_right&quot; background_mask_horizontal_offset=&quot;-7%&quot; custom_padding=&quot;||0px||false|false&quot; background_last_edited=&quot;on|phone&quot; use_background_color_gradient_tablet=&quot;on&quot; use_background_color_gradient_phone=&quot;on&quot; background_color_gradient_direction_phone=&quot;225deg&quot; background_color_gradient_stops_tablet=&quot;rgba(217,191,200,0.35) 9%|#ffffff 75%&quot; background_color_gradient_stops_phone=&quot;rgba(217,191,200,0.35) 9%|#ffffff 75%&quot; background_enable_mask_style_phone=&quot;on&quot; background_mask_style_phone=&quot;diagonal-pills&quot; background_mask_color_tablet=&quot;#D9BFC8&quot; background_mask_transform_phone=&quot;rotate_90_degree|invert|flip_vertical&quot; background_mask_aspect_ratio_tablet=&quot;portrait&quot; background_mask_size_phone=&quot;custom&quot; background_mask_height_phone=&quot;56%&quot; background_mask_position_tablet=&quot;top_right&quot; background_mask_position_phone=&quot;top_center&quot; locked=&quot;off&quot; global_colors_info=&quot;{}&quot;][et_pb_row _builder_version=&quot;4.24.0&quot; _module_preset=&quot;default&quot; global_colors_info=&quot;{}&quot;][et_pb_column type=&quot;4_4&quot; _builder_version=&quot;4.24.0&quot; _module_preset=&quot;default&quot; global_colors_info=&quot;{}&quot;][et_pb_text _builder_version=&quot;4.26.0&quot; _module_preset=&quot;default&quot; text_font=&quot;Quicksand|700|||||||&quot; text_text_color=&quot;#000000&quot; text_font_size=&quot;26px&quot; text_line_height=&quot;1.4em&quot; header_font=&quot;Sen|800||on|||||&quot; header_text_align=&quot;center&quot; header_text_color=&quot;#701334&quot; header_2_font=&quot;Sen|700||on|||||&quot; header_2_text_align=&quot;center&quot; header_2_text_color=&quot;#000000&quot; header_2_font_size=&quot;42px&quot; header_2_line_height=&quot;1.4em&quot; custom_padding=&quot;15px||||false|false&quot; header_font_size_tablet=&quot;&quot; header_font_size_phone=&quot;26px&quot; header_font_size_last_edited=&quot;on|phone&quot; locked=&quot;off&quot; global_colors_info=&quot;{}&quot;]<\/p>\n<h1>Entre em Contato Conosco<\/h1>\n<p>[\/et_pb_text][et_pb_text _builder_version=&#8221;4.26.0&#8243; _module_preset=&#8221;default&#8221; text_font=&#8221;Quicksand|700|||||||&#8221; text_text_color=&#8221;#000000&#8243; text_font_size=&#8221;26px&#8221; text_line_height=&#8221;1.4em&#8221; header_2_font=&#8221;Sen|700|||||||&#8221; header_2_text_align=&#8221;center&#8221; header_2_text_color=&#8221;#000000&#8243; header_2_font_size=&#8221;42px&#8221; header_2_line_height=&#8221;1.4em&#8221; custom_margin=&#8221;-13px|||||&#8221; custom_padding=&#8221;15px||||false|false&#8221; header_2_font_size_tablet=&#8221;42px&#8221; header_2_font_size_phone=&#8221;22px&#8221; header_2_font_size_last_edited=&#8221;on|phone&#8221; locked=&#8221;off&#8221; global_colors_info=&#8221;{}&#8221;]<\/p>\n<h2>Perguntas, sugest\u00f5es ou obter mais informa\u00e7\u00f5es sobre nossos cursos e servi\u00e7os?<\/h2>\n<p>[\/et_pb_text][\/et_pb_column][\/et_pb_row][\/et_pb_section][et_pb_section fb_built=&quot;1&quot; _builder_version=&quot;4.24.0&quot; _module_preset=&quot;default&quot; custom_padding=&quot;||0px||false|false&quot; global_colors_info=&quot;{}&quot;][et_pb_row column_structure=&quot;1_3,1_3,1_3&quot; use_custom_gutter=&quot;on&quot; gutter_width=&quot;2&quot; make_equal=&quot;on&quot; _builder_version=&quot;4.25.1&quot; _module_preset=&quot;default&quot; width=&quot;90%&quot; max_width=&quot;100%&quot; locked=&quot;off&quot; global_colors_info=&quot;{}&quot;][et_pb_column type=&quot;1_3&quot; _builder_version=&quot;4.25.1&quot; _module_preset=&quot;default&quot; background_enable_color=&quot;off&quot; use_background_color_gradient=&quot;on&quot; background_color_gradient_stops=&quot;#701334 92%|#ffffff 92%&quot; background_image=&quot;https:\/\/institutocorpobueno.com.br\/site\/wp-content\/uploads\/2024\/06\/icb-1.png&quot; background_size=&quot;initial&quot; background_position=&quot;bottom_center&quot; border_radii=&quot;on|15px|15px|15px|15px&quot; box_shadow_style=&quot;preset2&quot; global_colors_info=&quot;{}&quot;][et_pb_blurb title=&quot;Nosso Endere\u00e7o&quot; use_icon=&quot;on&quot; font_icon=&quot;\uf5a0||fa||900&quot; icon_color=&quot;#701334&quot; image_icon_background_color=&quot;#FFFFFF&quot; image_icon_width=&quot;53px&quot; _builder_version=&quot;4.25.1&quot; _module_preset=&quot;default&quot; header_font=&quot;Sen|700|||||||&quot; header_text_align=&quot;center&quot; header_text_color=&quot;#FFFFFF&quot; header_font_size=&quot;22px&quot; body_font=&quot;Quicksand||||||||&quot; body_text_align=&quot;center&quot; body_text_color=&quot;#FFFFFF&quot; body_font_size=&quot;16px&quot; image_icon_custom_padding=&quot;12px|10px|12px|10px|true|true&quot; custom_margin=&quot;||29px|||&quot; custom_padding=&quot;16px|15px|16px|15px|true|true&quot; border_radii_image=&quot;on|100%|100%|100%|100%&quot; global_colors_info=&quot;{}&quot;]<\/p>\n<p><span>Rua 115, F41, Lote 184 &#8211; St. Sul<\/span><\/p>\n<p><span>Goi\u00e2nia &#8211; GO, 74085-325<\/span><\/p>\n<p>[\/et_pb_blurb][\/et_pb_column][et_pb_column type=&quot;1_3&quot; _builder_version=&quot;4.23.4&quot; _module_preset=&quot;default&quot; background_enable_color=&quot;off&quot; use_background_color_gradient=&quot;on&quot; background_color_gradient_stops=&quot;#701334 92%|#ffffff 92%&quot; background_image=&quot;https:\/\/institutocorpobueno.com.br\/site\/wp-content\/uploads\/2024\/06\/icb-1.png&quot; background_size=&quot;initial&quot; background_position=&quot;bottom_center&quot; border_radii=&quot;on|15px|15px|15px|15px&quot; box_shadow_style=&quot;preset2&quot; global_colors_info=&quot;{}&quot;][et_pb_blurb title=&quot;Telefones&quot; use_icon=&quot;on&quot; font_icon=&quot;\ue090||divi||400&quot; icon_color=&quot;#701334&quot; image_icon_background_color=&quot;#FFFFFF&quot; image_icon_width=&quot;53px&quot; _builder_version=&quot;4.25.1&quot; _module_preset=&quot;default&quot; header_font=&quot;Sen|700|||||||&quot; header_text_align=&quot;center&quot; header_text_color=&quot;#FFFFFF&quot; header_font_size=&quot;22px&quot; body_font=&quot;Quicksand||||||||&quot; body_text_align=&quot;center&quot; body_text_color=&quot;#FFFFFF&quot; body_font_size=&quot;16px&quot; body_link_font=&quot;Quicksand||||||||&quot; body_link_text_align=&quot;center&quot; body_link_text_color=&quot;#FFFFFF&quot; body_link_font_size=&quot;16px&quot; image_icon_custom_padding=&quot;12px|10px|12px|10px|true|true&quot; custom_margin=&quot;||40px|||&quot; custom_padding=&quot;15px|15px|15px|15px|true|true&quot; border_radii_image=&quot;on|100%|100%|100%|100%&quot; global_colors_info=&quot;{}&quot;]<\/p>\n<p><span>Telefone: 62 3541-3560 <\/span><\/p>\n<p><a href=\"https:\/\/wa.me\/5562994753690?text=Ol%C3%A1%2C+gostaria+de+mais+informa%C3%A7%C3%B5es+sobre+o+IECB.\"><span>Whatsapp: 62 98195-1830<\/span><\/a><\/p>\n<p>[\/et_pb_blurb][\/et_pb_column][et_pb_column type=&quot;1_3&quot; _builder_version=&quot;4.23.4&quot; _module_preset=&quot;default&quot; background_enable_color=&quot;off&quot; use_background_color_gradient=&quot;on&quot; background_color_gradient_stops=&quot;#701334 92%|#ffffff 92%&quot; background_image=&quot;https:\/\/institutocorpobueno.com.br\/site\/wp-content\/uploads\/2024\/06\/icb-1.png&quot; background_size=&quot;initial&quot; background_position=&quot;bottom_center&quot; border_radii=&quot;on|15px|15px|15px|15px&quot; box_shadow_style=&quot;preset2&quot; global_colors_info=&quot;{}&quot;][et_pb_blurb title=&quot;E-mail&quot; use_icon=&quot;on&quot; font_icon=&quot;\uf658||fa||900&quot; icon_color=&quot;#701334&quot; image_icon_background_color=&quot;#FFFFFF&quot; image_icon_width=&quot;53px&quot; title_last_edited=&quot;off|desktop&quot; _builder_version=&quot;4.26.0&quot; _module_preset=&quot;default&quot; header_font=&quot;Sen|700|||||||&quot; header_text_align=&quot;center&quot; header_text_color=&quot;#FFFFFF&quot; header_font_size=&quot;22px&quot; body_font=&quot;Quicksand||||||||&quot; body_text_align=&quot;center&quot; body_text_color=&quot;#FFFFFF&quot; body_font_size=&quot;16px&quot; image_icon_custom_padding=&quot;12px|10px|12px|10px|true|true&quot; custom_margin=&quot;||79px|||&quot; custom_padding=&quot;15px|15px|15px|15px|true|true&quot; border_radii_image=&quot;on|100%|100%|100%|100%&quot; global_colors_info=&quot;{}&quot;]<\/p>\n<p>\u00a0contato@institutocorpobueno.com.br<\/p>\n<p>[\/et_pb_blurb][\/et_pb_column][\/et_pb_row][et_pb_row use_custom_gutter=&#8221;on&#8221; gutter_width=&#8221;1&#8243; _builder_version=&#8221;4.24.0&#8243; _module_preset=&#8221;default&#8221; width=&#8221;100%&#8221; max_width=&#8221;100%&#8221; custom_padding=&#8221;74px||0px||false|false&#8221; global_colors_info=&#8221;{}&#8221;][et_pb_column type=&#8221;4_4&#8243; _builder_version=&#8221;4.24.0&#8243; _module_preset=&#8221;default&#8221; custom_padding=&#8221;|2px||2px|false|true&#8221; global_colors_info=&#8221;{}&#8221;][et_pb_code _builder_version=&#8221;4.26.0&#8243; _module_preset=&#8221;default&#8221; global_colors_info=&#8221;{}&#8221;]<iframe src=\"https:\/\/www.google.com\/maps\/embed?pb=!1m18!1m12!1m3!1d955.3917943181696!2d-49.24811964225211!3d-16.698528723126778!2m3!1f0!2f0!3f0!3m2!1i1024!2i768!4f13.1!3m3!1m2!1s0x935ef198f9a18a1f%3A0x47133d768a05b870!2sCl%C3%ADnica%20de%20Est%C3%A9tica%20Corpo%20Bueno%20-%20Matriz!5e0!3m2!1spt-BR!2sbr!4v1720203810361!5m2!1spt-BR!2sbr\" width=\"100%\" height=\"400\" style=\"border:0;\" allowfullscreen=\"\" loading=\"lazy\" referrerpolicy=\"no-referrer-when-downgrade\"><\/iframe>[\/et_pb_code][\/et_pb_column][\/et_pb_row][\/et_pb_section]<\/p>\n","protected":false},"excerpt":{"rendered":"<p>[et_pb_section fb_built=&quot;1&quot; _builder_version=&quot;4.25.1&quot; _module_preset=&quot;default&quot; use_background_color_gradient=&quot;on&quot; background_color_gradient_type=&quot;elliptical&quot; background_color_gradient_stops=&quot;rgba(217,191,200,0.35) 9%|#ffffff 75%&quot; background_image=&quot;https:\/\/institutocorpobueno.com.br\/site\/wp-content\/uploads\/2024\/01\/lines-2-scaled.webp&quot; background_size=&quot;stretch&quot; background_blend=&quot;soft-light&quot; background_enable_mask_style=&quot;on&quot; background_mask_style=&quot;diagonal-pills&quot; background_mask_color=&quot;#701334&quot; background_mask_transform=&quot;invert|flip_horizontal&quot; background_mask_size=&quot;contain&quot; background_mask_position=&quot;center_right&quot; background_mask_horizontal_offset=&quot;-7%&quot; custom_padding=&quot;||0px||false|false&quot; background_last_edited=&quot;on|phone&quot; use_background_color_gradient_tablet=&quot;on&quot; use_background_color_gradient_phone=&quot;on&quot; background_color_gradient_direction_phone=&quot;225deg&quot; background_color_gradient_stops_tablet=&quot;rgba(217,191,200,0.35) 9%|#ffffff 75%&quot; background_color_gradient_stops_phone=&quot;rgba(217,191,200,0.35) 9%|#ffffff 75%&quot; background_enable_mask_style_phone=&quot;on&quot; background_mask_style_phone=&quot;diagonal-pills&quot; background_mask_color_tablet=&quot;#D9BFC8&quot; background_mask_transform_phone=&quot;rotate_90_degree|invert|flip_vertical&quot; background_mask_aspect_ratio_tablet=&quot;portrait&quot; background_mask_size_phone=&quot;custom&quot; background_mask_height_phone=&quot;56%&quot; background_mask_position_tablet=&quot;top_right&quot; background_mask_position_phone=&quot;top_center&quot; locked=&quot;off&quot; global_colors_info=&quot;{}&quot;][et_pb_row _builder_version=&quot;4.24.0&quot; _module_preset=&quot;default&quot; global_colors_info=&quot;{}&quot;][et_pb_column type=&quot;4_4&quot; _builder_version=&quot;4.24.0&quot; _module_preset=&quot;default&quot; global_colors_info=&quot;{}&quot;][et_pb_text _builder_version=&quot;4.26.0&quot; _module_preset=&quot;default&quot; text_font=&quot;Quicksand|700|||||||&quot; text_text_color=&quot;#000000&quot; text_font_size=&quot;26px&quot; text_line_height=&quot;1.4em&quot; header_font=&quot;Sen|800||on|||||&quot; [&hellip;]<\/p>\n","protected":false},"author":1,"featured_media":0,"parent":0,"menu_order":0,"comment_status":"closed","ping_status":"closed","template":"","meta":{"footnotes":""},"class_list":["post-135","page","type-page","status-publish","hentry"],"_links":{"self":[{"href":"https:\/\/institutocorpobueno.com.br\/site\/wp-json\/wp\/v2\/pages\/135","targetHints":{"allow":["GET"]}}],"collection":[{"href":"https:\/\/institutocorpobueno.com.br\/site\/wp-json\/wp\/v2\/pages"}],"about":[{"href":"https:\/\/institutocorpobueno.com.br\/site\/wp-json\/wp\/v2\/types\/page"}],"author":[{"embeddable":true,"href":"https:\/\/institutocorpobueno.com.br\/site\/wp-json\/wp\/v2\/users\/1"}],"replies":[{"embeddable":true,"href":"https:\/\/institutocorpobueno.com.br\/site\/wp-json\/wp\/v2\/comments?post=135"}],"version-history":[{"count":0,"href":"https:\/\/institutocorpobueno.com.br\/site\/wp-json\/wp\/v2\/pages\/135\/revisions"}],"wp:attachment":[{"href":"https:\/\/institutocorpobueno.com.br\/site\/wp-json\/wp\/v2\/media?parent=135"}],"curies":[{"name":"wp","href":"https:\/\/api.w.org\/{rel}","templated":true}]}}